{"id":3887,"date":"2025-07-12T15:56:20","date_gmt":"2025-07-12T07:56:20","guid":{"rendered":"https:\/\/www.balaisabaibai.com\/booking\/"},"modified":"2025-07-12T15:56:21","modified_gmt":"2025-07-12T07:56:21","slug":"booking","status":"publish","type":"page","link":"https:\/\/www.balaisabaibai.com\/en\/booking\/","title":{"rendered":"Booking"},"content":{"rendered":"<p>[av_image src=&#8217;https:\/\/www.balaisabaibai.com\/wp-content\/uploads\/2022\/10\/pool-queen-1-1024-683-1024&#215;430.jpg&#8217; attachment=&#8217;1627&#8242; attachment_size=&#8217;featured&#8217; src_dynamic=&#8221; copyright=&#8221; caption=&#8221; image_size=&#8221; styling=&#8221; box_shadow=&#8217;none&#8217; box_shadow_width=&#8217;10&#8217; box_shadow_color=&#8221; align=&#8217;center&#8217; font_size=&#8221; overlay_opacity=&#8217;0.4&#8242; overlay_color=&#8217;#000000&#8242; overlay_text_color=&#8217;#ffffff&#8217; link=&#8221; link_dynamic=&#8221; target=&#8221; animation=&#8217;no-animation&#8217; animation_duration=&#8221; animation_custom_bg_color=&#8221; animation_z_index_curtain=&#8217;100&#8242; parallax_parallax=&#8221; parallax_parallax_speed=&#8221; av-desktop-parallax_parallax=&#8221; av-desktop-parallax_parallax_speed=&#8221; av-medium-parallax_parallax=&#8221; av-medium-parallax_parallax_speed=&#8221; av-small-parallax_parallax=&#8221; av-small-parallax_parallax_speed=&#8221; av-mini-parallax_parallax=&#8221; av-mini-parallax_parallax_speed=&#8221; hover=&#8221; blur_image=&#8221; grayscale_image=&#8221; fade_image=&#8221; appearance=&#8221; css_position=&#8221; css_position_location=&#8217;,,,&#8217; css_position_z_index=&#8221; av-desktop-css_position=&#8221; av-desktop-css_position_location=&#8217;,,,&#8217; av-desktop-css_position_z_index=&#8221; av-medium-css_position=&#8221; av-medium-css_position_location=&#8217;,,,&#8217; av-medium-css_position_z_index=&#8221; av-small-css_position=&#8221; av-small-css_position_location=&#8217;,,,&#8217; av-small-css_position_z_index=&#8221; av-mini-css_position=&#8221; av-mini-css_position_location=&#8217;,,,&#8217; av-mini-css_position_z_index=&#8221; transform_perspective=&#8221; transform_rotation=&#8217;,,,&#8217; transform_scale=&#8217;,,&#8217; transform_skew=&#8217;,&#8217; transform_translate=&#8217;,,&#8217; av-desktop-transform_perspective=&#8221; av-desktop-transform_rotation=&#8217;,,,&#8217; av-desktop-transform_scale=&#8217;,,&#8217; av-desktop-transform_skew=&#8217;,&#8217; av-desktop-transform_translate=&#8217;,,&#8217; av-medium-transform_perspective=&#8221; av-medium-transform_rotation=&#8217;,,,&#8217; av-medium-transform_scale=&#8217;,,&#8217; av-medium-transform_skew=&#8217;,&#8217; av-medium-transform_translate=&#8217;,,&#8217; av-small-transform_perspective=&#8221; av-small-transform_rotation=&#8217;,,,&#8217; av-small-transform_scale=&#8217;,,&#8217; av-small-transform_skew=&#8217;,&#8217; av-small-transform_translate=&#8217;,,&#8217; av-mini-transform_perspective=&#8221; av-mini-transform_rotation=&#8217;,,,&#8217; av-mini-transform_scale=&#8217;,,&#8217; av-mini-transform_skew=&#8217;,&#8217; av-mini-transform_translate=&#8217;,,&#8217; mask_overlay=&#8221; mask_overlay_shape=&#8217;blob&#8217; mask_overlay_size=&#8217;contain&#8217; mask_overlay_scale=&#8217;100%&#8217; mask_overlay_position=&#8217;center center&#8217; mask_overlay_repeat=&#8217;no-repeat&#8217; mask_overlay_rotate=&#8221; mask_overlay_rad_shape=&#8217;circle&#8217; mask_overlay_rad_position=&#8217;center center&#8217; mask_overlay_opacity1=&#8217;0&#8242; mask_overlay_opacity2=&#8217;1&#8242; mask_overlay_opacity3=&#8221; title_attr=&#8221; alt_attr=&#8221; img_scrset=&#8221; lazy_loading=&#8217;disabled&#8217; id=&#8221; custom_class=&#8221; template_class=&#8221; element_template=&#8221; one_element_template=&#8221; av_element_hidden_in_editor=&#8217;0&#8242; av_uid=&#8217;av-m5lck1wx&#8217; sc_version=&#8217;1.0&#8242; admin_preview_bg=&#8221;][\/av_image]<\/p>\n<p>[av_textblock fold_type=&#8221; fold_height=&#8221; fold_more=&#8217;Weiterlesen&#8217; fold_less=&#8217;Read less&#8217; fold_text_style=&#8221; fold_btn_align=&#8221; textblock_styling_align=&#8221; textblock_styling=&#8221; textblock_styling_gap=&#8221; textblock_styling_mobile=&#8221; size=&#8221; av-desktop-font-size=&#8221; av-medium-font-size=&#8221; av-small-font-size=&#8221; av-mini-font-size=&#8221; font_color=&#8221; color=&#8221; fold_overlay_color=&#8221; fold_text_color=&#8221; fold_btn_color=&#8217;theme-color&#8217; fold_btn_bg_color=&#8221; fold_btn_font_color=&#8221; size-btn-text=&#8221; av-desktop-font-size-btn-text=&#8221; av-medium-font-size-btn-text=&#8221; av-small-font-size-btn-text=&#8221; av-mini-font-size-btn-text=&#8221; fold_timer=&#8221; z_index_fold=&#8221; id=&#8221; custom_class=&#8221; template_class=&#8221; element_template=&#8221; one_element_template=&#8221; av_uid=&#8217;av-m5lcljm7&#8242; sc_version=&#8217;1.0&#8242; admin_preview_bg=&#8221;]<\/p>\n<h1>Buchung<\/h1>\n<p>Direkte Buchung f\u00fcr unser Resort. Pr\u00fcfen Sie die Verf\u00fcgbarkeit und Preise.<br \/>\n[\/av_textblock]<\/p>\n<p>[av_promobox button=&#8217;yes&#8217; label=&#8217;Zur Buchung&#8217; icon_select=&#8217;yes&#8217; icon=&#8217;ue859&#8242; font=&#8217;entypo-fontello&#8217; label_display=&#8221; color=&#8217;theme-color&#8217; custom_bg=&#8217;#444444&#8242; custom_font=&#8217;#ffffff&#8217; size=&#8217;large&#8217; box_color=&#8221; box_custom_font=&#8217;#ffffff&#8217; box_custom_bg=&#8217;#444444&#8242; box_custom_border=&#8217;#333333&#8242; gradient_color_direction=&#8217;vertical&#8217; gradient_color_1=&#8217;#000000&#8242; gradient_color_2=&#8217;#ffffff&#8217; gradient_color_3=&#8221; border_promo=&#8221; border_promo_width=&#8221; border_promo_width_sync=&#8217;true&#8217; border_promo_color=&#8221; border_radius_promo=&#8221; border_radius_promo_sync=&#8217;true&#8217; box_shadow_promo=&#8221; box_shadow_promo_style=&#8217;0px,0px,0px,0px&#8217; box_shadow_promo_color=&#8221; link=&#8217;manually,https:\/\/beds24.com\/booking.php?propid=111828&amp;referer=BookingLink&#8217; link_dynamic=&#8221; link_target=&#8217;_blank&#8217; title_attr=&#8221; hover_opacity=&#8221; sonar_promo_effect=&#8221; sonar_promo_color=&#8221; sonar_promo_duration=&#8217;1&#8242; sonar_promo_scale=&#8221; sonar_promo_opac=&#8217;0.5&#8242; id=&#8221; custom_class=&#8221; template_class=&#8221; element_template=&#8221; one_element_template=&#8221; av_uid=&#8217;av-m5l5d009&#8242; sc_version=&#8217;1.0&#8242; admin_preview_bg=&#8221;]<br \/>\nNutze Sie hier die Gelegenheit und buchen noch heute Ihren n\u00e4chsten Traumurlaub.<br \/>\n[\/av_promobox]<\/p>\n","protected":false},"excerpt":{"rendered":"<p>[av_image src=&#8217;https:\/\/www.balaisabaibai.com\/wp-content\/uploads\/2022\/10\/pool-queen-1-1024-683-1024&#215;430.jpg&#8217; attachment=&#8217;1627&#8242; attachment_size=&#8217;featured&#8217; src_dynamic=&#8221; copyright=&#8221; caption=&#8221; image_size=&#8221; styling=&#8221; box_shadow=&#8217;none&#8217; box_shadow_width=&#8217;10&#8217; box_shadow_color=&#8221; align=&#8217;center&#8217; font_size=&#8221; overlay_opacity=&#8217;0.4&#8242; overlay_color=&#8217;#000000&#8242; overlay_text_color=&#8217;#ffffff&#8217; link=&#8221; link_dynamic=&#8221; target=&#8221; animation=&#8217;no-animation&#8217; animation_duration=&#8221; animation_custom_bg_color=&#8221; animation_z_index_curtain=&#8217;100&#8242; parallax_parallax=&#8221; parallax_parallax_speed=&#8221; av-desktop-parallax_parallax=&#8221; av-desktop-parallax_parallax_speed=&#8221; av-medium-parallax_parallax=&#8221; av-medium-parallax_parallax_speed=&#8221; av-small-parallax_parallax=&#8221; av-small-parallax_parallax_speed=&#8221; av-mini-parallax_parallax=&#8221; av-mini-parallax_parallax_speed=&#8221; hover=&#8221; blur_image=&#8221; grayscale_image=&#8221; fade_image=&#8221; appearance=&#8221; css_position=&#8221; css_position_location=&#8217;,,,&#8217; css_position_z_index=&#8221; av-desktop-css_position=&#8221; av-desktop-css_position_location=&#8217;,,,&#8217; av-desktop-css_position_z_index=&#8221; av-medium-css_position=&#8221; av-medium-css_position_location=&#8217;,,,&#8217; av-medium-css_position_z_index=&#8221; av-small-css_position=&#8221; av-small-css_position_location=&#8217;,,,&#8217; av-small-css_position_z_index=&#8221; av-mini-css_position=&#8221; av-mini-css_position_location=&#8217;,,,&#8217; av-mini-css_position_z_index=&#8221; transform_perspective=&#8221;&#8230;<\/p>\n","protected":false},"author":1,"featured_media":199,"parent":0,"menu_order":0,"comment_status":"closed","ping_status":"closed","template":"","meta":{"_kad_blocks_custom_css":"","_kad_blocks_head_custom_js":"","_kad_blocks_body_custom_js":"","_kad_blocks_footer_custom_js":"","_kadence_starter_templates_imported_post":false,"_kad_post_transparent":"","_kad_post_title":"","_kad_post_layout":"","_kad_post_sidebar_id":"","_kad_post_content_style":"","_kad_post_vertical_padding":"","_kad_post_feature":"","_kad_post_feature_position":"","_kad_post_header":false,"_kad_post_footer":false,"_kad_post_classname":"","footnotes":""},"class_list":["post-3887","page","type-page","status-publish","has-post-thumbnail","hentry"],"taxonomy_info":[],"featured_image_src_large":["https:\/\/www.balaisabaibai.com\/wp-content\/uploads\/2020\/06\/two-brown-liquid-inside-clear-drinking-glasses-2789328.jpg",773,500,false],"author_info":{"display_name":"martinms24","author_link":"#"},"comment_info":0,"_links":{"self":[{"href":"https:\/\/www.balaisabaibai.com\/en\/wp-json\/wp\/v2\/pages\/3887","targetHints":{"allow":["GET"]}}],"collection":[{"href":"https:\/\/www.balaisabaibai.com\/en\/wp-json\/wp\/v2\/pages"}],"about":[{"href":"https:\/\/www.balaisabaibai.com\/en\/wp-json\/wp\/v2\/types\/page"}],"author":[{"embeddable":true,"href":"https:\/\/www.balaisabaibai.com\/en\/wp-json\/wp\/v2\/users\/1"}],"replies":[{"embeddable":true,"href":"https:\/\/www.balaisabaibai.com\/en\/wp-json\/wp\/v2\/comments?post=3887"}],"version-history":[{"count":0,"href":"https:\/\/www.balaisabaibai.com\/en\/wp-json\/wp\/v2\/pages\/3887\/revisions"}],"wp:featuredmedia":[{"embeddable":true,"href":"https:\/\/www.balaisabaibai.com\/en\/wp-json\/wp\/v2\/media\/199"}],"wp:attachment":[{"href":"https:\/\/www.balaisabaibai.com\/en\/wp-json\/wp\/v2\/media?parent=3887"}],"curies":[{"name":"wp","href":"https:\/\/api.w.org\/{rel}","templated":true}]}}